{"id":418,"date":"2017-10-02T14:41:44","date_gmt":"2017-10-02T12:41:44","guid":{"rendered":"http:\/\/fredburggraaf.nl\/novonfrance\/?page_id=418"},"modified":"2018-03-26T14:21:47","modified_gmt":"2018-03-26T12:21:47","slug":"home-ii","status":"publish","type":"page","link":"https:\/\/fredburggraaf.nl\/winkelenindelfshaven\/","title":{"rendered":"Accueil"},"content":{"rendered":"\n<style type=\"text\/css\" data-created_by=\"avia_inline_auto\" id=\"style-css-av-av_image-71631186122661d89cc2817ae1cfe8c8\">\n.avia-image-container.av-av_image-71631186122661d89cc2817ae1cfe8c8 img.avia_image{\nbox-shadow:none;\n}\n.avia-image-container.av-av_image-71631186122661d89cc2817ae1cfe8c8 .av-image-caption-overlay-center{\ncolor:#ffffff;\n}\n<\/style>\n<div  class='avia-image-container av-av_image-71631186122661d89cc2817ae1cfe8c8 av-styling- avia-align-center  avia-builder-el-0  el_before_av_submenu  avia-builder-el-no-sibling '   itemprop=\"image\" itemscope=\"itemscope\" itemtype=\"https:\/\/schema.org\/ImageObject\" ><div class=\"avia-image-container-inner\"><div class=\"avia-image-overlay-wrap\"><img decoding=\"async\" class='wp-image-421 avia-img-lazy-loading-not-421 avia_image ' src=\"https:\/\/fredburggraaf.nl\/winkelenindelfshaven\/wp-content\/uploads\/2017\/10\/novon-logo-front.png\" alt='' title='novon-logo-front'  height=\"202\" width=\"939\"  itemprop=\"thumbnailUrl\" srcset=\"https:\/\/fredburggraaf.nl\/winkelenindelfshaven\/wp-content\/uploads\/2017\/10\/novon-logo-front.png 939w, https:\/\/fredburggraaf.nl\/winkelenindelfshaven\/wp-content\/uploads\/2017\/10\/novon-logo-front-300x65.png 300w, https:\/\/fredburggraaf.nl\/winkelenindelfshaven\/wp-content\/uploads\/2017\/10\/novon-logo-front-768x165.png 768w, https:\/\/fredburggraaf.nl\/winkelenindelfshaven\/wp-content\/uploads\/2017\/10\/novon-logo-front-705x152.png 705w, https:\/\/fredburggraaf.nl\/winkelenindelfshaven\/wp-content\/uploads\/2017\/10\/novon-logo-front-450x97.png 450w\" sizes=\"(max-width: 939px) 100vw, 939px\" \/><\/div><\/div><\/div>\n<\/div><\/div><\/div><!-- close content main div --><\/div><\/div><div class='clear'><\/div><div id='sub_menu1'  class='av-submenu-container av-av_submenu-5bfea0c07c03c21e4ad4c33423da484e main_color  avia-builder-el-1  el_after_av_image  el_before_av_textblock  av-sticky-submenu submenu-not-first container_wrap sidebar_right' style='z-index:301' ><div class='container av-menu-mobile-disabled av-submenu-pos-center'><ul id=\"menu-hoofdmenu\" class=\"av-subnav-menu\"><li role=\"menuitem\" id=\"menu-item-469\" class=\"menu-item menu-item-type-post_type menu-item-object-page menu-item-home menu-item-top-level menu-item-top-level-1\"><a href=\"https:\/\/fredburggraaf.nl\/winkelenindelfshaven\/\" itemprop=\"url\" tabindex=\"0\"><span class=\"avia-bullet\"><\/span><span class=\"avia-menu-text\">Accueil<\/span><span class=\"avia-menu-fx\"><span class=\"avia-arrow-wrap\"><span class=\"avia-arrow\"><\/span><\/span><\/span><\/a><\/li>\n<li role=\"menuitem\" id=\"menu-item-446\" class=\"menu-item menu-item-type-post_type menu-item-object-page menu-item-top-level menu-item-top-level-2\"><a href=\"https:\/\/fredburggraaf.nl\/winkelenindelfshaven\/qui-sommes-nous\/\" itemprop=\"url\" tabindex=\"0\"><span class=\"avia-bullet\"><\/span><span class=\"avia-menu-text\">Qui sommes nous?<\/span><span class=\"avia-menu-fx\"><span class=\"avia-arrow-wrap\"><span class=\"avia-arrow\"><\/span><\/span><\/span><\/a><\/li>\n<li role=\"menuitem\" id=\"menu-item-447\" class=\"menu-item menu-item-type-post_type menu-item-object-page menu-item-has-children menu-item-top-level menu-item-top-level-3\"><a href=\"https:\/\/fredburggraaf.nl\/winkelenindelfshaven\/produits-et-services\/\" itemprop=\"url\" tabindex=\"0\"><span class=\"avia-bullet\"><\/span><span class=\"avia-menu-text\">Produits et services<\/span><span class=\"avia-menu-fx\"><span class=\"avia-arrow-wrap\"><span class=\"avia-arrow\"><\/span><\/span><\/span><\/a>\n\n\n<ul class=\"sub-menu\">\n\t<li role=\"menuitem\" id=\"menu-item-449\" class=\"menu-item menu-item-type-post_type menu-item-object-page menu-item-has-children\"><a href=\"https:\/\/fredburggraaf.nl\/winkelenindelfshaven\/elevateurs-de-charges-pour-installation-btp-et-industries\/\" itemprop=\"url\" tabindex=\"0\"><span class=\"avia-bullet\"><\/span><span class=\"avia-menu-text\">\u00c9l\u00e9vateurs de Charges<\/span><\/a>\n\t<ul class=\"sub-menu\">\n\t\t<li role=\"menuitem\" id=\"menu-item-448\" class=\"menu-item menu-item-type-post_type menu-item-object-page menu-item-has-children\"><a href=\"https:\/\/fredburggraaf.nl\/winkelenindelfshaven\/elevateurs-de-charges-pour-installation-btp-et-industries\/installation-et-montage\/\" itemprop=\"url\" tabindex=\"0\"><span class=\"avia-bullet\"><\/span><span class=\"avia-menu-text\">Installation et Montage<\/span><\/a>\n\t\t<ul class=\"sub-menu\">\n\t\t\t<li role=\"menuitem\" id=\"menu-item-455\" class=\"menu-item menu-item-type-post_type menu-item-object-page\"><a href=\"https:\/\/fredburggraaf.nl\/winkelenindelfshaven\/elevateurs-de-charges-pour-installation-btp-et-industries\/installation-et-montage\/airco-lift\/\" itemprop=\"url\" tabindex=\"0\"><span class=\"avia-bullet\"><\/span><span class=\"avia-menu-text\">Airco Lift<\/span><\/a><\/li>\n\t\t\t<li role=\"menuitem\" id=\"menu-item-456\" class=\"menu-item menu-item-type-post_type menu-item-object-page\"><a href=\"https:\/\/fredburggraaf.nl\/winkelenindelfshaven\/elevateurs-de-charges-pour-installation-btp-et-industries\/installation-et-montage\/novon-hoist\/\" itemprop=\"url\" tabindex=\"0\"><span class=\"avia-bullet\"><\/span><span class=\"avia-menu-text\">Novon Hoist<\/span><\/a><\/li>\n\t\t\t<li role=\"menuitem\" id=\"menu-item-457\" class=\"menu-item menu-item-type-post_type menu-item-object-page\"><a href=\"https:\/\/fredburggraaf.nl\/winkelenindelfshaven\/elevateurs-de-charges-pour-installation-btp-et-industries\/installation-et-montage\/cm-lift\/\" itemprop=\"url\" tabindex=\"0\"><span class=\"avia-bullet\"><\/span><span class=\"avia-menu-text\">CM Lift<\/span><\/a><\/li>\n\t\t\t<li role=\"menuitem\" id=\"menu-item-458\" class=\"menu-item menu-item-type-post_type menu-item-object-page\"><a href=\"https:\/\/fredburggraaf.nl\/winkelenindelfshaven\/elevateurs-de-charges-pour-installation-btp-et-industries\/installation-et-montage\/super-airco-lift\/\" itemprop=\"url\" tabindex=\"0\"><span class=\"avia-bullet\"><\/span><span class=\"avia-menu-text\">Super Airco Lift<\/span><\/a><\/li>\n\t\t\t<li role=\"menuitem\" id=\"menu-item-459\" class=\"menu-item menu-item-type-post_type menu-item-object-page\"><a href=\"https:\/\/fredburggraaf.nl\/winkelenindelfshaven\/elevateurs-de-charges-pour-installation-btp-et-industries\/installation-et-montage\/soalr-lift\/\" itemprop=\"url\" tabindex=\"0\"><span class=\"avia-bullet\"><\/span><span class=\"avia-menu-text\">Soalr Lift<\/span><\/a><\/li>\n\t\t<\/ul>\n<\/li>\n\t\t<li role=\"menuitem\" id=\"menu-item-452\" class=\"menu-item menu-item-type-post_type menu-item-object-page menu-item-has-children\"><a href=\"https:\/\/fredburggraaf.nl\/winkelenindelfshaven\/elevateurs-de-charges-pour-installation-btp-et-industries\/elevateurs-pour-le-btp\/\" itemprop=\"url\" tabindex=\"0\"><span class=\"avia-bullet\"><\/span><span class=\"avia-menu-text\">\u00c9l\u00e9vateurs pour le BTP<\/span><\/a>\n\t\t<ul class=\"sub-menu\">\n\t\t\t<li role=\"menuitem\" id=\"menu-item-454\" class=\"menu-item menu-item-type-post_type menu-item-object-page\"><a href=\"https:\/\/fredburggraaf.nl\/winkelenindelfshaven\/elevateurs-de-charges-pour-installation-btp-et-industries\/elevateurs-pour-le-btp\/verande-plus-dinformations\/\" itemprop=\"url\" tabindex=\"0\"><span class=\"avia-bullet\"><\/span><span class=\"avia-menu-text\">V\u00e9rande<\/span><\/a><\/li>\n\t\t\t<li role=\"menuitem\" id=\"menu-item-453\" class=\"menu-item menu-item-type-post_type menu-item-object-page\"><a href=\"https:\/\/fredburggraaf.nl\/winkelenindelfshaven\/elevateurs-de-charges-pour-installation-btp-et-industries\/elevateurs-pour-le-btp\/solar-lift\/\" itemprop=\"url\" tabindex=\"0\"><span class=\"avia-bullet\"><\/span><span class=\"avia-menu-text\">Solar Lift<\/span><\/a><\/li>\n\t\t\t<li role=\"menuitem\" id=\"menu-item-460\" class=\"menu-item menu-item-type-post_type menu-item-object-page\"><a href=\"https:\/\/fredburggraaf.nl\/winkelenindelfshaven\/elevateurs-de-charges-pour-installation-btp-et-industries\/industrie\/\" itemprop=\"url\" tabindex=\"0\"><span class=\"avia-bullet\"><\/span><span class=\"avia-menu-text\">Industrie<\/span><\/a><\/li>\n\t\t<\/ul>\n<\/li>\n\t<\/ul>\n<\/li>\n\t<li role=\"menuitem\" id=\"menu-item-470\" class=\"menu-item menu-item-type-post_type menu-item-object-page menu-item-has-children\"><a href=\"https:\/\/fredburggraaf.nl\/winkelenindelfshaven\/nacelles-et-plateformes-elevatrices-ii\/\" itemprop=\"url\" tabindex=\"0\"><span class=\"avia-bullet\"><\/span><span class=\"avia-menu-text\">Nacelles et plateformes El\u00e9vatrices<\/span><\/a>\n\t<ul class=\"sub-menu\">\n\t\t<li role=\"menuitem\" id=\"menu-item-450\" class=\"menu-item menu-item-type-post_type menu-item-object-page\"><a href=\"https:\/\/fredburggraaf.nl\/winkelenindelfshaven\/nacelles-et-plateformes-elevatrices\/nacalle-express\/\" itemprop=\"url\" tabindex=\"0\"><span class=\"avia-bullet\"><\/span><span class=\"avia-menu-text\">Nacalle Express<\/span><\/a><\/li>\n\t\t<li role=\"menuitem\" id=\"menu-item-461\" class=\"menu-item menu-item-type-post_type menu-item-object-page\"><a href=\"https:\/\/fredburggraaf.nl\/winkelenindelfshaven\/nacelles-et-plateformes-elevatrices\/nacelle-automotrice-industrie\/\" itemprop=\"url\" tabindex=\"0\"><span class=\"avia-bullet\"><\/span><span class=\"avia-menu-text\">Nacelle Automotrice Industrie<\/span><\/a><\/li>\n\t\t<li role=\"menuitem\" id=\"menu-item-462\" class=\"menu-item menu-item-type-post_type menu-item-object-page\"><a href=\"https:\/\/fredburggraaf.nl\/winkelenindelfshaven\/nacelles-et-plateformes-elevatrices\/nacelle-automotrice-industrie-double-mat\/\" itemprop=\"url\" tabindex=\"0\"><span class=\"avia-bullet\"><\/span><span class=\"avia-menu-text\">Nacelle Automotrice Industrie double m\u00e2t<\/span><\/a><\/li>\n\t\t<li role=\"menuitem\" id=\"menu-item-463\" class=\"menu-item menu-item-type-post_type menu-item-object-page\"><a href=\"https:\/\/fredburggraaf.nl\/winkelenindelfshaven\/nacelles-et-plateformes-elevatrices\/nacelle-automotrice-compact-2\/\" itemprop=\"url\" tabindex=\"0\"><span class=\"avia-bullet\"><\/span><span class=\"avia-menu-text\">Nacelle Automotrice Compact<\/span><\/a><\/li>\n\t\t<li role=\"menuitem\" id=\"menu-item-464\" class=\"menu-item menu-item-type-post_type menu-item-object-page\"><a href=\"https:\/\/fredburggraaf.nl\/winkelenindelfshaven\/nacelles-et-plateformes-elevatrices\/plateforme-dual-2\/\" itemprop=\"url\" tabindex=\"0\"><span class=\"avia-bullet\"><\/span><span class=\"avia-menu-text\">Plateforme Dual<\/span><\/a><\/li>\n\t\t<li role=\"menuitem\" id=\"menu-item-467\" class=\"menu-item menu-item-type-post_type menu-item-object-page\"><a href=\"https:\/\/fredburggraaf.nl\/winkelenindelfshaven\/nacelles-et-plateformes-elevatrices\/mini-plateforme-ciseaux-automoteur\/\" itemprop=\"url\" tabindex=\"0\"><span class=\"avia-bullet\"><\/span><span class=\"avia-menu-text\">Mini Plateforme Ciseaux Automoteur<\/span><\/a><\/li>\n\t\t<li role=\"menuitem\" id=\"menu-item-465\" class=\"menu-item menu-item-type-post_type menu-item-object-page\"><a href=\"https:\/\/fredburggraaf.nl\/winkelenindelfshaven\/nacelles-et-plateformes-elevatrices\/nacelle-automotrice-jumbo\/\" itemprop=\"url\" tabindex=\"0\"><span class=\"avia-bullet\"><\/span><span class=\"avia-menu-text\">Nacelle Automotrice Jumbo<\/span><\/a><\/li>\n\t\t<li role=\"menuitem\" id=\"menu-item-466\" class=\"menu-item menu-item-type-post_type menu-item-object-page\"><a href=\"https:\/\/fredburggraaf.nl\/winkelenindelfshaven\/nacelles-et-plateformes-elevatrices\/plateforme-ciseaux-automoteur-tout-terrain\/\" itemprop=\"url\" tabindex=\"0\"><span class=\"avia-bullet\"><\/span><span class=\"avia-menu-text\">Plateforme Ciseaux Automoteur Tout Terrain<\/span><\/a><\/li>\n\t<\/ul>\n<\/li>\n<\/ul>\n<\/li>\n<li role=\"menuitem\" id=\"menu-item-468\" class=\"menu-item menu-item-type-post_type menu-item-object-page menu-item-top-level menu-item-top-level-4\"><a href=\"https:\/\/fredburggraaf.nl\/winkelenindelfshaven\/demande-dinformation\/\" itemprop=\"url\" tabindex=\"0\"><span class=\"avia-bullet\"><\/span><span class=\"avia-menu-text\">Demande d\u2019information<\/span><span class=\"avia-menu-fx\"><span class=\"avia-arrow-wrap\"><span class=\"avia-arrow\"><\/span><\/span><\/span><\/a><\/li>\n<li role=\"menuitem\" id=\"menu-item-451\" class=\"menu-item menu-item-type-post_type menu-item-object-page menu-item-top-level menu-item-top-level-5\"><a href=\"https:\/\/fredburggraaf.nl\/winkelenindelfshaven\/nous-contacter\/\" itemprop=\"url\" tabindex=\"0\"><span class=\"avia-bullet\"><\/span><span class=\"avia-menu-text\">Nous contacter<\/span><span class=\"avia-menu-fx\"><span class=\"avia-arrow-wrap\"><span class=\"avia-arrow\"><\/span><\/span><\/span><\/a><\/li>\n<\/ul><\/div><\/div><div class='sticky_placeholder'><\/div><div id='after_submenu_1'  class='main_color av_default_container_wrap container_wrap sidebar_right'  ><div class='container av-section-cont-open' ><div class='template-page content  av-content-small alpha units'><div class='post-entry post-entry-type-page post-entry-418'><div class='entry-content-wrapper clearfix'>\n<section  class='av_textblock_section av-av_textblock-396ddf1f42196ca838231e61a4602801'  itemscope=\"itemscope\" itemtype=\"https:\/\/schema.org\/CreativeWork\" ><div class='avia_textblock'  itemprop=\"text\" ><p>Bienvenue sur notre site !<\/p>\n<p>Sp\u00e9cialis\u00e9 dans la fabrication et la commercialisation d&#8217;\u00e9l\u00e9vateurs de charges<\/p>\n<p>Venez d\u00e9couvrir notre gamme de produits en cliquant sur &#8220;produits et services&#8221;<\/p>\n<\/div><\/section>\n\n<style type=\"text\/css\" data-created_by=\"avia_inline_auto\" id=\"style-css-av-av_one_fifth-6126cab7d8fab8d08143dd2dacdf673c\">\n.flex_column.av-av_one_fifth-6126cab7d8fab8d08143dd2dacdf673c{\n-webkit-border-radius:0px 0px 0px 0px;\n-moz-border-radius:0px 0px 0px 0px;\nborder-radius:0px 0px 0px 0px;\npadding:0px 0px 0px 0px;\n}\n<\/style>\n<div class='flex_column av-av_one_fifth-6126cab7d8fab8d08143dd2dacdf673c av_one_fifth  avia-builder-el-3  el_after_av_textblock  el_before_av_one_fifth  first flex_column_div av-zero-column-padding column-top-margin'     ><\/div>\n\n<style type=\"text\/css\" data-created_by=\"avia_inline_auto\" id=\"style-css-av-av_one_fifth-0aa7055fe62c3622faec82866afbaeb2\">\n.flex_column.av-av_one_fifth-0aa7055fe62c3622faec82866afbaeb2{\n-webkit-border-radius:0px 0px 0px 0px;\n-moz-border-radius:0px 0px 0px 0px;\nborder-radius:0px 0px 0px 0px;\npadding:0px 0px 0px 0px;\n}\n<\/style>\n<div class='flex_column av-av_one_fifth-0aa7055fe62c3622faec82866afbaeb2 av_one_fifth  avia-builder-el-4  el_after_av_one_fifth  el_before_av_one_fifth  flex_column_div av-zero-column-padding column-top-margin'     ><style type=\"text\/css\" data-created_by=\"avia_inline_auto\" id=\"style-css-av-av_image-9d2c30b9b61d2bb61aee9e2fcbf3e139\">\n.avia-image-container.av-av_image-9d2c30b9b61d2bb61aee9e2fcbf3e139 img.avia_image{\nbox-shadow:none;\n}\n.avia-image-container.av-av_image-9d2c30b9b61d2bb61aee9e2fcbf3e139 .av-image-caption-overlay-center{\ncolor:#ffffff;\n}\n<\/style>\n<div  class='avia-image-container av-av_image-9d2c30b9b61d2bb61aee9e2fcbf3e139 av-styling- avia-align-center  avia-builder-el-5  avia-builder-el-no-sibling '   itemprop=\"image\" itemscope=\"itemscope\" itemtype=\"https:\/\/schema.org\/ImageObject\" ><div class=\"avia-image-container-inner\"><div class=\"avia-image-overlay-wrap\"><img decoding=\"async\" class='wp-image-435 avia-img-lazy-loading-not-435 avia_image ' src=\"https:\/\/fredburggraaf.nl\/winkelenindelfshaven\/wp-content\/uploads\/2017\/10\/Nacelles.png\" alt='' title='Nacelles'  height=\"150\" width=\"120\"  itemprop=\"thumbnailUrl\"  \/><\/div><\/div><\/div><\/div>\n<style type=\"text\/css\" data-created_by=\"avia_inline_auto\" id=\"style-css-av-av_one_fifth-0aa7055fe62c3622faec82866afbaeb2\">\n.flex_column.av-av_one_fifth-0aa7055fe62c3622faec82866afbaeb2{\n-webkit-border-radius:0px 0px 0px 0px;\n-moz-border-radius:0px 0px 0px 0px;\nborder-radius:0px 0px 0px 0px;\npadding:0px 0px 0px 0px;\n}\n<\/style>\n<div class='flex_column av-av_one_fifth-0aa7055fe62c3622faec82866afbaeb2 av_one_fifth  avia-builder-el-6  el_after_av_one_fifth  el_before_av_one_fifth  flex_column_div av-zero-column-padding column-top-margin'     ><style type=\"text\/css\" data-created_by=\"avia_inline_auto\" id=\"style-css-av-av_image-14aa9d691f327fce8ff9b9177730304d\">\n.avia-image-container.av-av_image-14aa9d691f327fce8ff9b9177730304d img.avia_image{\nbox-shadow:none;\n}\n.avia-image-container.av-av_image-14aa9d691f327fce8ff9b9177730304d .av-image-caption-overlay-center{\ncolor:#ffffff;\n}\n<\/style>\n<div  class='avia-image-container av-av_image-14aa9d691f327fce8ff9b9177730304d av-styling- avia-align-center  avia-builder-el-7  avia-builder-el-no-sibling '   itemprop=\"image\" itemscope=\"itemscope\" itemtype=\"https:\/\/schema.org\/ImageObject\" ><div class=\"avia-image-container-inner\"><div class=\"avia-image-overlay-wrap\"><img decoding=\"async\" class='wp-image-436 avia-img-lazy-loading-not-436 avia_image ' src=\"https:\/\/fredburggraaf.nl\/winkelenindelfshaven\/wp-content\/uploads\/2017\/10\/Elevateur.png\" alt='' title='Elevateur'  height=\"150\" width=\"120\"  itemprop=\"thumbnailUrl\"  \/><\/div><\/div><\/div><\/div>\n<style type=\"text\/css\" data-created_by=\"avia_inline_auto\" id=\"style-css-av-av_one_fifth-0aa7055fe62c3622faec82866afbaeb2\">\n.flex_column.av-av_one_fifth-0aa7055fe62c3622faec82866afbaeb2{\n-webkit-border-radius:0px 0px 0px 0px;\n-moz-border-radius:0px 0px 0px 0px;\nborder-radius:0px 0px 0px 0px;\npadding:0px 0px 0px 0px;\n}\n<\/style>\n<div class='flex_column av-av_one_fifth-0aa7055fe62c3622faec82866afbaeb2 av_one_fifth  avia-builder-el-8  el_after_av_one_fifth  el_before_av_one_fifth  flex_column_div av-zero-column-padding column-top-margin'     ><style type=\"text\/css\" data-created_by=\"avia_inline_auto\" id=\"style-css-av-av_image-aa90d1858933c39b878ab63956be4096\">\n.avia-image-container.av-av_image-aa90d1858933c39b878ab63956be4096 img.avia_image{\nbox-shadow:none;\n}\n.avia-image-container.av-av_image-aa90d1858933c39b878ab63956be4096 .av-image-caption-overlay-center{\ncolor:#ffffff;\n}\n<\/style>\n<div  class='avia-image-container av-av_image-aa90d1858933c39b878ab63956be4096 av-styling- avia-align-center  avia-builder-el-9  avia-builder-el-no-sibling '   itemprop=\"image\" itemscope=\"itemscope\" itemtype=\"https:\/\/schema.org\/ImageObject\" ><div class=\"avia-image-container-inner\"><div class=\"avia-image-overlay-wrap\"><img decoding=\"async\" class='wp-image-437 avia-img-lazy-loading-not-437 avia_image ' src=\"https:\/\/fredburggraaf.nl\/winkelenindelfshaven\/wp-content\/uploads\/2017\/10\/Quelquechose.png\" alt='' title='Quelquechose'  height=\"150\" width=\"120\"  itemprop=\"thumbnailUrl\"  \/><\/div><\/div><\/div><\/div>\n<style type=\"text\/css\" data-created_by=\"avia_inline_auto\" id=\"style-css-av-av_one_fifth-0aa7055fe62c3622faec82866afbaeb2\">\n.flex_column.av-av_one_fifth-0aa7055fe62c3622faec82866afbaeb2{\n-webkit-border-radius:0px 0px 0px 0px;\n-moz-border-radius:0px 0px 0px 0px;\nborder-radius:0px 0px 0px 0px;\npadding:0px 0px 0px 0px;\n}\n<\/style>\n<div class='flex_column av-av_one_fifth-0aa7055fe62c3622faec82866afbaeb2 av_one_fifth  avia-builder-el-10  el_after_av_one_fifth  avia-builder-el-last  flex_column_div av-zero-column-padding column-top-margin'     ><\/div><\/p>\n","protected":false},"excerpt":{"rendered":"","protected":false},"author":1,"featured_media":0,"parent":0,"menu_order":0,"comment_status":"closed","ping_status":"closed","template":"","meta":{"footnotes":""},"class_list":["post-418","page","type-page","status-publish","hentry"],"jetpack_sharing_enabled":true,"_links":{"self":[{"href":"https:\/\/fredburggraaf.nl\/winkelenindelfshaven\/wp-json\/wp\/v2\/pages\/418","targetHints":{"allow":["GET"]}}],"collection":[{"href":"https:\/\/fredburggraaf.nl\/winkelenindelfshaven\/wp-json\/wp\/v2\/pages"}],"about":[{"href":"https:\/\/fredburggraaf.nl\/winkelenindelfshaven\/wp-json\/wp\/v2\/types\/page"}],"author":[{"embeddable":true,"href":"https:\/\/fredburggraaf.nl\/winkelenindelfshaven\/wp-json\/wp\/v2\/users\/1"}],"replies":[{"embeddable":true,"href":"https:\/\/fredburggraaf.nl\/winkelenindelfshaven\/wp-json\/wp\/v2\/comments?post=418"}],"version-history":[{"count":1,"href":"https:\/\/fredburggraaf.nl\/winkelenindelfshaven\/wp-json\/wp\/v2\/pages\/418\/revisions"}],"predecessor-version":[{"id":502,"href":"https:\/\/fredburggraaf.nl\/winkelenindelfshaven\/wp-json\/wp\/v2\/pages\/418\/revisions\/502"}],"wp:attachment":[{"href":"https:\/\/fredburggraaf.nl\/winkelenindelfshaven\/wp-json\/wp\/v2\/media?parent=418"}],"curies":[{"name":"wp","href":"https:\/\/api.w.org\/{rel}","templated":true}]}}