{"id":105,"date":"2017-04-14T08:48:25","date_gmt":"2017-04-14T06:48:25","guid":{"rendered":"http:\/\/fredburggraaf.nl\/novonfrance\/?page_id=105"},"modified":"2018-03-26T13:44:54","modified_gmt":"2018-03-26T11:44:54","slug":"nous-contacter","status":"publish","type":"page","link":"https:\/\/fredburggraaf.nl\/winkelenindelfshaven\/nous-contacter\/","title":{"rendered":"Nous contacter"},"content":{"rendered":"\n<style type=\"text\/css\" data-created_by=\"avia_inline_auto\" id=\"style-css-av-av_one_full-6126cab7d8fab8d08143dd2dacdf673c\">\n.flex_column.av-av_one_full-6126cab7d8fab8d08143dd2dacdf673c{\n-webkit-border-radius:0px 0px 0px 0px;\n-moz-border-radius:0px 0px 0px 0px;\nborder-radius:0px 0px 0px 0px;\npadding:0px 0px 0px 0px;\n}\n<\/style>\n<div class='flex_column av-av_one_full-6126cab7d8fab8d08143dd2dacdf673c av_one_full  avia-builder-el-0  el_before_av_one_half  avia-builder-el-first  first flex_column_div av-zero-column-padding '     ><style type=\"text\/css\" data-created_by=\"avia_inline_auto\" id=\"style-css-av-av_heading-e2f515ec3258881d0f692ad0dbba742f\">\n#top .av-special-heading.av-av_heading-e2f515ec3258881d0f692ad0dbba742f{\npadding-bottom:10px;\n}\nbody .av-special-heading.av-av_heading-e2f515ec3258881d0f692ad0dbba742f .av-special-heading-tag .heading-char{\nfont-size:25px;\n}\n.av-special-heading.av-av_heading-e2f515ec3258881d0f692ad0dbba742f .av-subheading{\nfont-size:15px;\n}\n<\/style>\n<div  class='av-special-heading av-av_heading-e2f515ec3258881d0f692ad0dbba742f av-special-heading-h1 blockquote modern-quote modern-centered  avia-builder-el-1  avia-builder-el-no-sibling '><h1 class='av-special-heading-tag'  itemprop=\"headline\"  >Nous contacter<\/h1><div class=\"special-heading-border\"><div class=\"special-heading-inner-border\"><\/div><\/div><\/div><\/div>\n<style type=\"text\/css\" data-created_by=\"avia_inline_auto\" id=\"style-css-av-av_one_half-6126cab7d8fab8d08143dd2dacdf673c\">\n.flex_column.av-av_one_half-6126cab7d8fab8d08143dd2dacdf673c{\n-webkit-border-radius:0px 0px 0px 0px;\n-moz-border-radius:0px 0px 0px 0px;\nborder-radius:0px 0px 0px 0px;\npadding:0px 0px 0px 0px;\n}\n<\/style>\n<div class='flex_column av-av_one_half-6126cab7d8fab8d08143dd2dacdf673c av_one_half  avia-builder-el-2  el_after_av_one_full  el_before_av_one_half  first flex_column_div av-zero-column-padding column-top-margin'     ><p>\n<style type=\"text\/css\" data-created_by=\"avia_inline_auto\" id=\"style-css-av-av_heading-fec970ba1d91e7e2bde54a676fe5fb1f\">\n#top .av-special-heading.av-av_heading-fec970ba1d91e7e2bde54a676fe5fb1f{\npadding-bottom:10px;\n}\nbody .av-special-heading.av-av_heading-fec970ba1d91e7e2bde54a676fe5fb1f .av-special-heading-tag .heading-char{\nfont-size:25px;\n}\n.av-special-heading.av-av_heading-fec970ba1d91e7e2bde54a676fe5fb1f .av-subheading{\nfont-size:15px;\n}\n<\/style>\n<div  class='av-special-heading av-av_heading-fec970ba1d91e7e2bde54a676fe5fb1f av-special-heading-h2 blockquote modern-quote  avia-builder-el-3  el_before_av_textblock  avia-builder-el-first '><h2 class='av-special-heading-tag'  itemprop=\"headline\"  >Novon France<\/h2><div class=\"special-heading-border\"><div class=\"special-heading-inner-border\"><\/div><\/div><\/div><br \/>\n<section  class='av_textblock_section av-av_textblock-396ddf1f42196ca838231e61a4602801'  itemscope=\"itemscope\" itemtype=\"https:\/\/schema.org\/CreativeWork\" ><div class='avia_textblock'  itemprop=\"text\" ><p>Novon France se situe \u00e0 quelques kilom\u00e8tres de l&#8217;autoroute A1 qui va en direction de Lille. Prendre la sortie n\u00b011 &#8220;Compi\u00e8gne Nord&#8221; qui vous conduis au p\u00e9age. A ce dernier, il vous faut tourner \u00e0 gauche direction Compi\u00e8gne. Un peu plus loin sur votre gauche (1km ~), tourner en direction de &#8220;Marqu\u00e9glise&#8221;.<\/p>\n<\/div><\/section><\/p><\/div><\/p>\n\n<style type=\"text\/css\" data-created_by=\"avia_inline_auto\" id=\"style-css-av-av_one_half-0aa7055fe62c3622faec82866afbaeb2\">\n.flex_column.av-av_one_half-0aa7055fe62c3622faec82866afbaeb2{\n-webkit-border-radius:0px 0px 0px 0px;\n-moz-border-radius:0px 0px 0px 0px;\nborder-radius:0px 0px 0px 0px;\npadding:0px 0px 0px 0px;\n}\n<\/style>\n<div class='flex_column av-av_one_half-0aa7055fe62c3622faec82866afbaeb2 av_one_half  avia-builder-el-5  el_after_av_one_half  el_before_av_one_full  flex_column_div av-zero-column-padding column-top-margin'     ><style type=\"text\/css\" data-created_by=\"avia_inline_auto\" id=\"style-css-av-av_image-339f83dbbe16b5d433e2df74296203eb\">\n.avia-image-container.av-av_image-339f83dbbe16b5d433e2df74296203eb img.avia_image{\nbox-shadow:none;\n}\n.avia-image-container.av-av_image-339f83dbbe16b5d433e2df74296203eb .av-image-caption-overlay-center{\ncolor:#ffffff;\n}\n<\/style>\n<div  class='avia-image-container av-av_image-339f83dbbe16b5d433e2df74296203eb av-styling- avia-align-center  avia-builder-el-6  avia-builder-el-no-sibling '   itemprop=\"image\" itemscope=\"itemscope\" itemtype=\"https:\/\/schema.org\/ImageObject\" ><div class=\"avia-image-container-inner\"><div class=\"avia-image-overlay-wrap\"><img decoding=\"async\" class='wp-image-106 avia-img-lazy-loading-not-106 avia_image ' src=\"https:\/\/fredburggraaf.nl\/winkelenindelfshaven\/wp-content\/uploads\/2017\/04\/Carte-Novon.jpg\" alt='' title='Carte Novon'  height=\"676\" width=\"664\"  itemprop=\"thumbnailUrl\" srcset=\"https:\/\/fredburggraaf.nl\/winkelenindelfshaven\/wp-content\/uploads\/2017\/04\/Carte-Novon.jpg 664w, https:\/\/fredburggraaf.nl\/winkelenindelfshaven\/wp-content\/uploads\/2017\/04\/Carte-Novon-80x80.jpg 80w, https:\/\/fredburggraaf.nl\/winkelenindelfshaven\/wp-content\/uploads\/2017\/04\/Carte-Novon-295x300.jpg 295w, https:\/\/fredburggraaf.nl\/winkelenindelfshaven\/wp-content\/uploads\/2017\/04\/Carte-Novon-36x36.jpg 36w, https:\/\/fredburggraaf.nl\/winkelenindelfshaven\/wp-content\/uploads\/2017\/04\/Carte-Novon-450x458.jpg 450w\" sizes=\"(max-width: 664px) 100vw, 664px\" \/><\/div><\/div><\/div><\/div>\n\n<style type=\"text\/css\" data-created_by=\"avia_inline_auto\" id=\"style-css-av-av_one_full-6126cab7d8fab8d08143dd2dacdf673c\">\n.flex_column.av-av_one_full-6126cab7d8fab8d08143dd2dacdf673c{\n-webkit-border-radius:0px 0px 0px 0px;\n-moz-border-radius:0px 0px 0px 0px;\nborder-radius:0px 0px 0px 0px;\npadding:0px 0px 0px 0px;\n}\n<\/style>\n<div class='flex_column av-av_one_full-6126cab7d8fab8d08143dd2dacdf673c av_one_full  avia-builder-el-7  el_after_av_one_half  el_before_av_one_third  first flex_column_div av-zero-column-padding column-top-margin'     ><style type=\"text\/css\" data-created_by=\"avia_inline_auto\" id=\"style-css-av-av_textblock-82c6d1aafb3e5fbe8d1b8dca19b11774\">\n#top .av_textblock_section.av-av_textblock-82c6d1aafb3e5fbe8d1b8dca19b11774 .avia_textblock{\ncolor:#0042ff;\n}\n<\/style>\n<section  class='av_textblock_section av-av_textblock-82c6d1aafb3e5fbe8d1b8dca19b11774'  itemscope=\"itemscope\" itemtype=\"https:\/\/schema.org\/CreativeWork\" ><div class='avia_textblock av_inherit_color'  itemprop=\"text\" ><h1 style=\"text-align: center;\">Bienvenue chez Novon!<\/h1>\n<\/div><\/section><\/div>\n\n<style type=\"text\/css\" data-created_by=\"avia_inline_auto\" id=\"style-css-av-av_one_third-6126cab7d8fab8d08143dd2dacdf673c\">\n.flex_column.av-av_one_third-6126cab7d8fab8d08143dd2dacdf673c{\n-webkit-border-radius:0px 0px 0px 0px;\n-moz-border-radius:0px 0px 0px 0px;\nborder-radius:0px 0px 0px 0px;\npadding:0px 0px 0px 0px;\n}\n<\/style>\n<div class='flex_column av-av_one_third-6126cab7d8fab8d08143dd2dacdf673c av_one_third  avia-builder-el-9  el_after_av_one_full  el_before_av_one_third  first flex_column_div av-zero-column-padding column-top-margin'     ><section  class='av_textblock_section av-av_textblock-396ddf1f42196ca838231e61a4602801'  itemscope=\"itemscope\" itemtype=\"https:\/\/schema.org\/CreativeWork\" ><div class='avia_textblock'  itemprop=\"text\" ><p><strong>NOVON FRANCE SARL<\/strong><br \/>\n1, rue de Ressons<br \/>\n60490 Margny Sur Matz (Fr)<br \/>\nT: +33 (0)3 44 42 64 06<br \/>\nF: +33 (0)3 44 42 60 33<br \/>\nM: nf@novon.fr<\/p>\n<\/div><\/section><\/div>\n\n<style type=\"text\/css\" data-created_by=\"avia_inline_auto\" id=\"style-css-av-av_one_third-0aa7055fe62c3622faec82866afbaeb2\">\n.flex_column.av-av_one_third-0aa7055fe62c3622faec82866afbaeb2{\n-webkit-border-radius:0px 0px 0px 0px;\n-moz-border-radius:0px 0px 0px 0px;\nborder-radius:0px 0px 0px 0px;\npadding:0px 0px 0px 0px;\n}\n<\/style>\n<div class='flex_column av-av_one_third-0aa7055fe62c3622faec82866afbaeb2 av_one_third  avia-builder-el-11  el_after_av_one_third  el_before_av_one_third  flex_column_div av-zero-column-padding column-top-margin'     ><section  class='av_textblock_section av-av_textblock-396ddf1f42196ca838231e61a4602801'  itemscope=\"itemscope\" itemtype=\"https:\/\/schema.org\/CreativeWork\" ><div class='avia_textblock'  itemprop=\"text\" ><p><strong>NOVON BENELUX B.V<\/strong><br \/>\nAvelingen-Oost 6a,<br \/>\n4202 MN Gorinchem<br \/>\nT: +31 (0)183 63 43 33<br \/>\nF: +31 (0)183 63 34 45<br \/>\nE:\u00a0 info@novon.eu<\/p>\n<\/div><\/section><\/div>\n\n<style type=\"text\/css\" data-created_by=\"avia_inline_auto\" id=\"style-css-av-av_one_third-0aa7055fe62c3622faec82866afbaeb2\">\n.flex_column.av-av_one_third-0aa7055fe62c3622faec82866afbaeb2{\n-webkit-border-radius:0px 0px 0px 0px;\n-moz-border-radius:0px 0px 0px 0px;\nborder-radius:0px 0px 0px 0px;\npadding:0px 0px 0px 0px;\n}\n<\/style>\n<div class='flex_column av-av_one_third-0aa7055fe62c3622faec82866afbaeb2 av_one_third  avia-builder-el-13  el_after_av_one_third  avia-builder-el-last  flex_column_div av-zero-column-padding column-top-margin'     ><p>\n<style type=\"text\/css\" data-created_by=\"avia_inline_auto\" id=\"style-css-av-av_hr-5d74ded74483867bcf4f6bb06a94fdee\">\n#top .hr.hr-invisible.av-av_hr-5d74ded74483867bcf4f6bb06a94fdee{\nheight:5px;\n}\n<\/style>\n<div  class='hr av-av_hr-5d74ded74483867bcf4f6bb06a94fdee hr-invisible  avia-builder-el-14  el_before_av_image  avia-builder-el-first '><span class='hr-inner '><span class=\"hr-inner-style\"><\/span><\/span><\/div><br \/>\n\n<style type=\"text\/css\" data-created_by=\"avia_inline_auto\" id=\"style-css-av-av_image-66cf387a4bf284a0f739c8afd82ba280\">\n.avia-image-container.av-av_image-66cf387a4bf284a0f739c8afd82ba280 img.avia_image{\nbox-shadow:none;\n}\n.avia-image-container.av-av_image-66cf387a4bf284a0f739c8afd82ba280 .av-image-caption-overlay-center{\ncolor:#ffffff;\n}\n<\/style>\n<div  class='avia-image-container av-av_image-66cf387a4bf284a0f739c8afd82ba280 av-styling- avia-align-center  avia-builder-el-15  el_after_av_hr  avia-builder-el-last '   itemprop=\"image\" itemscope=\"itemscope\" itemtype=\"https:\/\/schema.org\/ImageObject\" ><div class=\"avia-image-container-inner\"><div class=\"avia-image-overlay-wrap\"><img decoding=\"async\" class='wp-image-109 avia-img-lazy-loading-not-109 avia_image ' src=\"https:\/\/fredburggraaf.nl\/winkelenindelfshaven\/wp-content\/uploads\/2017\/04\/novon-carte-300x225.jpg\" alt='' title='novon-carte'  height=\"225\" width=\"300\"  itemprop=\"thumbnailUrl\" srcset=\"https:\/\/fredburggraaf.nl\/winkelenindelfshaven\/wp-content\/uploads\/2017\/04\/novon-carte-300x225.jpg 300w, https:\/\/fredburggraaf.nl\/winkelenindelfshaven\/wp-content\/uploads\/2017\/04\/novon-carte-450x338.jpg 450w, https:\/\/fredburggraaf.nl\/winkelenindelfshaven\/wp-content\/uploads\/2017\/04\/novon-carte.jpg 459w\" sizes=\"(max-width: 300px) 100vw, 300px\" \/><\/div><\/div><\/div><\/p><\/div>\n","protected":false},"excerpt":{"rendered":"","protected":false},"author":1,"featured_media":0,"parent":0,"menu_order":0,"comment_status":"closed","ping_status":"closed","template":"","meta":{"footnotes":""},"class_list":["post-105","page","type-page","status-publish","hentry"],"jetpack_sharing_enabled":true,"_links":{"self":[{"href":"https:\/\/fredburggraaf.nl\/winkelenindelfshaven\/wp-json\/wp\/v2\/pages\/105","targetHints":{"allow":["GET"]}}],"collection":[{"href":"https:\/\/fredburggraaf.nl\/winkelenindelfshaven\/wp-json\/wp\/v2\/pages"}],"about":[{"href":"https:\/\/fredburggraaf.nl\/winkelenindelfshaven\/wp-json\/wp\/v2\/types\/page"}],"author":[{"embeddable":true,"href":"https:\/\/fredburggraaf.nl\/winkelenindelfshaven\/wp-json\/wp\/v2\/users\/1"}],"replies":[{"embeddable":true,"href":"https:\/\/fredburggraaf.nl\/winkelenindelfshaven\/wp-json\/wp\/v2\/comments?post=105"}],"version-history":[{"count":2,"href":"https:\/\/fredburggraaf.nl\/winkelenindelfshaven\/wp-json\/wp\/v2\/pages\/105\/revisions"}],"predecessor-version":[{"id":515,"href":"https:\/\/fredburggraaf.nl\/winkelenindelfshaven\/wp-json\/wp\/v2\/pages\/105\/revisions\/515"}],"wp:attachment":[{"href":"https:\/\/fredburggraaf.nl\/winkelenindelfshaven\/wp-json\/wp\/v2\/media?parent=105"}],"curies":[{"name":"wp","href":"https:\/\/api.w.org\/{rel}","templated":true}]}}